{"id":11084,"date":"2019-05-10T16:25:04","date_gmt":"2019-05-10T14:25:04","guid":{"rendered":"https:\/\/literackisopot.pl\/contact\/"},"modified":"2024-09-18T20:01:31","modified_gmt":"2024-09-18T18:01:31","slug":"contact","status":"publish","type":"page","link":"http:\/\/2024.literackisopot.pl\/en\/contact\/","title":{"rendered":"Contact Us"},"content":{"rendered":"<p>&nbsp;<\/p>\n<p><center><img loading=\"lazy\" decoding=\"async\" class=\"wp-image-2846 size-large\" src=\"https:\/\/literackisopot.pl\/wp-content\/uploads\/2019\/07\/Joanna-Cichocka_Gula_fot.-Renata-Dabrowska-1024x683.jpg\" alt=\"\" width=\"660\" height=\"440\" srcset=\"http:\/\/2024.literackisopot.pl\/wp-content\/uploads\/2019\/07\/Joanna-Cichocka_Gula_fot.-Renata-Dabrowska-1024x683.jpg 1024w, http:\/\/2024.literackisopot.pl\/wp-content\/uploads\/2019\/07\/Joanna-Cichocka_Gula_fot.-Renata-Dabrowska-300x200.jpg 300w, http:\/\/2024.literackisopot.pl\/wp-content\/uploads\/2019\/07\/Joanna-Cichocka_Gula_fot.-Renata-Dabrowska-768x512.jpg 768w, http:\/\/2024.literackisopot.pl\/wp-content\/uploads\/2019\/07\/Joanna-Cichocka_Gula_fot.-Renata-Dabrowska.jpg 2048w\" sizes=\"auto, (max-width: 660px) 100vw, 660px\" \/><\/center>&nbsp;<\/p>\n<p style=\"margin: 0cm 0cm 0.0001pt; text-align: center;\">Joanna Cichocka-Gula \/ <strong>Festival Director<\/strong><\/p>\n<p style=\"margin: 0cm 0cm 0.0001pt; text-align: center;\"><a href=\"mailto:joanna.cichocka-gula@goyki3.pl\">joanna.cichocka-gula@goyki3.pl<\/a><\/p>\n<p>&nbsp;<\/p>\n<p><center><img loading=\"lazy\" decoding=\"async\" class=\"wp-image-2854 size-large\" src=\"https:\/\/literackisopot.pl\/wp-content\/uploads\/2019\/07\/Marta-Czarnecka_fot.-Renata-Dabrowska-1024x683.jpg\" alt=\"\" width=\"660\" height=\"440\" srcset=\"http:\/\/2024.literackisopot.pl\/wp-content\/uploads\/2019\/07\/Marta-Czarnecka_fot.-Renata-Dabrowska-1024x683.jpg 1024w, http:\/\/2024.literackisopot.pl\/wp-content\/uploads\/2019\/07\/Marta-Czarnecka_fot.-Renata-Dabrowska-300x200.jpg 300w, http:\/\/2024.literackisopot.pl\/wp-content\/uploads\/2019\/07\/Marta-Czarnecka_fot.-Renata-Dabrowska-768x512.jpg 768w, http:\/\/2024.literackisopot.pl\/wp-content\/uploads\/2019\/07\/Marta-Czarnecka_fot.-Renata-Dabrowska.jpg 2048w\" sizes=\"auto, (max-width: 660px) 100vw, 660px\" \/><\/center>&nbsp;<\/p>\n<p style=\"margin: 0cm 0cm 0.0001pt; text-align: center;\">Marta Czarnecka \/ <strong>Festival Coordinator<\/strong><\/p>\n<p style=\"margin: 0cm 0cm 0.0001pt; text-align: center;\"><a href=\"mailto:marta.czarnecka@literackisopot.pl\">marta.czarnecka@literackisopot.pl<\/a><\/p>\n<p>&nbsp;<\/p>\n<p><center><img loading=\"lazy\" decoding=\"async\" class=\"wp-image-2897 size-large\" src=\"https:\/\/literackisopot.pl\/wp-content\/uploads\/2019\/07\/RED-3473-1024x683.jpg\" alt=\"\" width=\"660\" height=\"440\" srcset=\"http:\/\/2024.literackisopot.pl\/wp-content\/uploads\/2019\/07\/RED-3473-1024x683.jpg 1024w, http:\/\/2024.literackisopot.pl\/wp-content\/uploads\/2019\/07\/RED-3473-300x200.jpg 300w, http:\/\/2024.literackisopot.pl\/wp-content\/uploads\/2019\/07\/RED-3473-768x512.jpg 768w, http:\/\/2024.literackisopot.pl\/wp-content\/uploads\/2019\/07\/RED-3473.jpg 2048w\" sizes=\"auto, (max-width: 660px) 100vw, 660px\" \/><\/center>&nbsp;<\/p>\n<p style=\"margin: 0cm 0cm 0.0001pt; text-align: center;\">Magdalena Benali \/ <strong>Festival Office<\/strong><\/p>\n<p style=\"margin: 0cm 0cm 0.0001pt; text-align: center;\"><a href=\"mailto:biuro@literackisopot.pl\">biuro@literackisopot.pl<\/a><\/p>\n<p>&nbsp;<\/p>\n<p><center><img loading=\"lazy\" decoding=\"async\" class=\"wp-image-2898 size-large\" src=\"https:\/\/literackisopot.pl\/wp-content\/uploads\/2019\/07\/RED-3173-1024x683.jpg\" alt=\"\" width=\"660\" height=\"440\" srcset=\"http:\/\/2024.literackisopot.pl\/wp-content\/uploads\/2019\/07\/RED-3173-1024x683.jpg 1024w, http:\/\/2024.literackisopot.pl\/wp-content\/uploads\/2019\/07\/RED-3173-300x200.jpg 300w, http:\/\/2024.literackisopot.pl\/wp-content\/uploads\/2019\/07\/RED-3173-768x512.jpg 768w, http:\/\/2024.literackisopot.pl\/wp-content\/uploads\/2019\/07\/RED-3173.jpg 2048w\" sizes=\"auto, (max-width: 660px) 100vw, 660px\" \/><\/center>&nbsp;<\/p>\n<p style=\"margin: 0cm 0cm 0.0001pt; text-align: center;\">Marta Szadowiak \/ <strong>Press information<\/strong><\/p>\n<p style=\"margin: 0cm 0cm 0.0001pt; text-align: center;\"><a href=\"mailto:marta.szadowiak@goyki3.pl\">marta.szadowiak@goyki3.pl<\/a><\/p>\n<p>&nbsp;<\/p>\n<p>&nbsp;<\/p>\n<p><center><img loading=\"lazy\" decoding=\"async\" class=\"wp-image-8016 size-large\" src=\"https:\/\/literackisopot.pl\/wp-content\/uploads\/2022\/10\/Joanna-Fryda-683x1024.jpg\" alt=\"\" width=\"660\" height=\"990\" srcset=\"http:\/\/2024.literackisopot.pl\/wp-content\/uploads\/2022\/10\/Joanna-Fryda-683x1024.jpg 683w, http:\/\/2024.literackisopot.pl\/wp-content\/uploads\/2022\/10\/Joanna-Fryda-200x300.jpg 200w, http:\/\/2024.literackisopot.pl\/wp-content\/uploads\/2022\/10\/Joanna-Fryda-768x1152.jpg 768w, http:\/\/2024.literackisopot.pl\/wp-content\/uploads\/2022\/10\/Joanna-Fryda-1024x1536.jpg 1024w, http:\/\/2024.literackisopot.pl\/wp-content\/uploads\/2022\/10\/Joanna-Fryda-scaled.jpg 1365w\" sizes=\"auto, (max-width: 660px) 100vw, 660px\" \/><\/center>&nbsp;<\/p>\n<p style=\"margin: 0cm 0cm 0.0001pt; text-align: center;\">Joanna Fryda \/ <strong>Goyki 3 Art Inkubator Office<\/strong><\/p>\n<p style=\"margin: 0cm 0cm 0.0001pt; text-align: center;\"><a href=\"mailto:biuro@goyki3.pl\">biuro@goyki3.pl<\/a><\/p>\n<p>&nbsp;<\/p>\n<p>&nbsp;<\/p>\n<p><center><img loading=\"lazy\" decoding=\"async\" class=\"alignnone wp-image-15287 size-large\" src=\"https:\/\/literackisopot.pl\/wp-content\/uploads\/2024\/09\/grupowe-LS24m-kopia-682x1024.jpg\" alt=\"\" width=\"660\" height=\"991\" srcset=\"http:\/\/2024.literackisopot.pl\/wp-content\/uploads\/2024\/09\/grupowe-LS24m-kopia-682x1024.jpg 682w, http:\/\/2024.literackisopot.pl\/wp-content\/uploads\/2024\/09\/grupowe-LS24m-kopia-200x300.jpg 200w, http:\/\/2024.literackisopot.pl\/wp-content\/uploads\/2024\/09\/grupowe-LS24m-kopia-768x1154.jpg 768w, http:\/\/2024.literackisopot.pl\/wp-content\/uploads\/2024\/09\/grupowe-LS24m-kopia-1022x1536.jpg 1022w, http:\/\/2024.literackisopot.pl\/wp-content\/uploads\/2024\/09\/grupowe-LS24m-kopia.jpg 1278w\" sizes=\"auto, (max-width: 660px) 100vw, 660px\" \/><\/center><\/p>\n<p style=\"margin: 0cm 0cm 0.0001pt; text-align: center;\"><strong>Festival team:<\/strong><\/p>\n<p style=\"margin: 0cm 0cm 0.0001pt; text-align: center;\">Joanna Cichocka-Gula, Marta Czarnecka, Kamil Antoniuk, Magdalena Benali, Patryk Danielewicz, Joanna Fryda, Mateusz Gierc, Monika G\u00f3rka, Monika G\u00f3rska, Micha\u0142 Jeziorski, Karolina Koz\u0142owska, Agnieszka Kochanowska, Aleksandra Ksi\u0105\u017ckiewicz, Marceli Kulesz, Barbara Lewinska, Weronika Morawiec, Ma\u0142gorzata Muraszko, Joanna Nawrocka, Agnieszka Rek-Gornowicz, Antoni Siemi\u0144ski, Kasia Sobczak, Marta Szadowiak, Anita Wasik, Anna Zbr\u00f3g<\/p>\n<p>&nbsp;<\/p>\n<p style=\"text-align: center;\">Individual pictures &#8211; Renata D\u0105browska<\/p>\n<p style=\"text-align: center;\">Team picture &#8211; Bogna Kociumbas-Kos<\/p>\n<p class=\"p1\" style=\"text-align: center;\">Festival office adress:<em><br \/>\n<\/em><\/p>\n<p class=\"p1\" style=\"text-align: center;\"><em>Goyki 3 Art Inkubator <\/em><\/p>\n<p style=\"text-align: center;\">Goyki 3 Street, 81-706 Sopot<\/p>\n<p style=\"text-align: center;\">e: biuro@goyki3.pl | phone: + 48726890224<\/p>\n","protected":false},"excerpt":{"rendered":"<p>&nbsp; &nbsp; Joanna Cichocka-Gula \/ Festival Director joanna.cichocka-gula@goyki3.pl &nbsp; &nbsp; Marta Czarnecka \/ Festival Coordinator marta.czarnecka@literackisopot.pl &nbsp; &nbsp; Magdalena Benali &hellip; <a href=\"http:\/\/2024.literackisopot.pl\/en\/contact\/\" class=\"more-link\">Continue reading <span class=\"screen-reader-text\">Contact Us<\/span><\/a><\/p>\n","protected":false},"author":1,"featured_media":0,"parent":0,"menu_order":0,"comment_status":"closed","ping_status":"closed","template":"","meta":{"footnotes":""},"class_list":["post-11084","page","type-page","status-publish","hentry"],"acf":[],"yoast_head":"<!-- This site is optimized with the Yoast SEO plugin v27.6 - https:\/\/yoast.com\/product\/yoast-seo-wordpress\/ -->\n<title>Contact Us | Literacki Sopot<\/title>\n<meta name=\"robots\" content=\"index, follow, max-snippet:-1, max-image-preview:large, max-video-preview:-1\" \/>\n<link rel=\"canonical\" href=\"http:\/\/2024.literackisopot.pl\/en\/contact\/\" \/>\n<meta property=\"og:locale\" content=\"en_US\" \/>\n<meta property=\"og:type\" content=\"article\" \/>\n<meta property=\"og:title\" content=\"Contact Us | Literacki Sopot\" \/>\n<meta property=\"og:description\" content=\"&nbsp; &nbsp; Joanna Cichocka-Gula \/ Festival Director joanna.cichocka-gula@goyki3.pl &nbsp; &nbsp; Marta Czarnecka \/ Festival Coordinator marta.czarnecka@literackisopot.pl &nbsp; &nbsp; Magdalena Benali &hellip; Continue reading Contact Us\" \/>\n<meta property=\"og:url\" content=\"http:\/\/2024.literackisopot.pl\/en\/contact\/\" \/>\n<meta property=\"og:site_name\" content=\"Literacki Sopot\" \/>\n<meta property=\"article:modified_time\" content=\"2024-09-18T18:01:31+00:00\" \/>\n<meta property=\"og:image\" content=\"https:\/\/literackisopot.pl\/wp-content\/uploads\/2019\/07\/Joanna-Cichocka_Gula_fot.-Renata-Dabrowska-1024x683.jpg\" \/>\n<meta name=\"twitter:card\" content=\"summary_large_image\" \/>\n<meta name=\"twitter:label1\" content=\"Est. reading time\" \/>\n\t<meta name=\"twitter:data1\" content=\"2 minutes\" \/>\n<script type=\"application\/ld+json\" class=\"yoast-schema-graph\">{\"@context\":\"https:\\\/\\\/schema.org\",\"@graph\":[{\"@type\":\"WebPage\",\"@id\":\"http:\\\/\\\/2024.literackisopot.pl\\\/en\\\/contact\\\/\",\"url\":\"http:\\\/\\\/2024.literackisopot.pl\\\/en\\\/contact\\\/\",\"name\":\"Contact Us | Literacki Sopot\",\"isPartOf\":{\"@id\":\"http:\\\/\\\/2024.literackisopot.pl\\\/en\\\/#website\"},\"primaryImageOfPage\":{\"@id\":\"http:\\\/\\\/2024.literackisopot.pl\\\/en\\\/contact\\\/#primaryimage\"},\"image\":{\"@id\":\"http:\\\/\\\/2024.literackisopot.pl\\\/en\\\/contact\\\/#primaryimage\"},\"thumbnailUrl\":\"https:\\\/\\\/literackisopot.pl\\\/wp-content\\\/uploads\\\/2019\\\/07\\\/Joanna-Cichocka_Gula_fot.-Renata-Dabrowska-1024x683.jpg\",\"datePublished\":\"2019-05-10T14:25:04+00:00\",\"dateModified\":\"2024-09-18T18:01:31+00:00\",\"breadcrumb\":{\"@id\":\"http:\\\/\\\/2024.literackisopot.pl\\\/en\\\/contact\\\/#breadcrumb\"},\"inLanguage\":\"en-US\",\"potentialAction\":[{\"@type\":\"ReadAction\",\"target\":[\"http:\\\/\\\/2024.literackisopot.pl\\\/en\\\/contact\\\/\"]}]},{\"@type\":\"ImageObject\",\"inLanguage\":\"en-US\",\"@id\":\"http:\\\/\\\/2024.literackisopot.pl\\\/en\\\/contact\\\/#primaryimage\",\"url\":\"https:\\\/\\\/literackisopot.pl\\\/wp-content\\\/uploads\\\/2019\\\/07\\\/Joanna-Cichocka_Gula_fot.-Renata-Dabrowska-1024x683.jpg\",\"contentUrl\":\"https:\\\/\\\/literackisopot.pl\\\/wp-content\\\/uploads\\\/2019\\\/07\\\/Joanna-Cichocka_Gula_fot.-Renata-Dabrowska-1024x683.jpg\"},{\"@type\":\"BreadcrumbList\",\"@id\":\"http:\\\/\\\/2024.literackisopot.pl\\\/en\\\/contact\\\/#breadcrumb\",\"itemListElement\":[{\"@type\":\"ListItem\",\"position\":1,\"name\":\"Strona g\u0142\u00f3wna\",\"item\":\"http:\\\/\\\/2024.literackisopot.pl\\\/en\\\/\"},{\"@type\":\"ListItem\",\"position\":2,\"name\":\"Contact Us\"}]},{\"@type\":\"WebSite\",\"@id\":\"http:\\\/\\\/2024.literackisopot.pl\\\/en\\\/#website\",\"url\":\"http:\\\/\\\/2024.literackisopot.pl\\\/en\\\/\",\"name\":\"Literacki Sopot\",\"description\":\"\",\"publisher\":{\"@id\":\"http:\\\/\\\/2024.literackisopot.pl\\\/en\\\/#organization\"},\"potentialAction\":[{\"@type\":\"SearchAction\",\"target\":{\"@type\":\"EntryPoint\",\"urlTemplate\":\"http:\\\/\\\/2024.literackisopot.pl\\\/en\\\/?s={search_term_string}\"},\"query-input\":{\"@type\":\"PropertyValueSpecification\",\"valueRequired\":true,\"valueName\":\"search_term_string\"}}],\"inLanguage\":\"en-US\"},{\"@type\":\"Organization\",\"@id\":\"http:\\\/\\\/2024.literackisopot.pl\\\/en\\\/#organization\",\"name\":\"Literacki Sopot\",\"url\":\"http:\\\/\\\/2024.literackisopot.pl\\\/en\\\/\",\"logo\":{\"@type\":\"ImageObject\",\"inLanguage\":\"en-US\",\"@id\":\"http:\\\/\\\/2024.literackisopot.pl\\\/en\\\/#\\\/schema\\\/logo\\\/image\\\/\",\"url\":\"http:\\\/\\\/2024.literackisopot.pl\\\/wp-content\\\/uploads\\\/2019\\\/03\\\/logo.png\",\"contentUrl\":\"http:\\\/\\\/2024.literackisopot.pl\\\/wp-content\\\/uploads\\\/2019\\\/03\\\/logo.png\",\"width\":186,\"height\":282,\"caption\":\"Literacki Sopot \"},\"image\":{\"@id\":\"http:\\\/\\\/2024.literackisopot.pl\\\/en\\\/#\\\/schema\\\/logo\\\/image\\\/\"}}]}<\/script>\n<!-- \/ Yoast SEO plugin. -->","yoast_head_json":{"title":"Contact Us | Literacki Sopot","robots":{"index":"index","follow":"follow","max-snippet":"max-snippet:-1","max-image-preview":"max-image-preview:large","max-video-preview":"max-video-preview:-1"},"canonical":"http:\/\/2024.literackisopot.pl\/en\/contact\/","og_locale":"en_US","og_type":"article","og_title":"Contact Us | Literacki Sopot","og_description":"&nbsp; &nbsp; Joanna Cichocka-Gula \/ Festival Director joanna.cichocka-gula@goyki3.pl &nbsp; &nbsp; Marta Czarnecka \/ Festival Coordinator marta.czarnecka@literackisopot.pl &nbsp; &nbsp; Magdalena Benali &hellip; Continue reading Contact Us","og_url":"http:\/\/2024.literackisopot.pl\/en\/contact\/","og_site_name":"Literacki Sopot","article_modified_time":"2024-09-18T18:01:31+00:00","og_image":[{"url":"https:\/\/literackisopot.pl\/wp-content\/uploads\/2019\/07\/Joanna-Cichocka_Gula_fot.-Renata-Dabrowska-1024x683.jpg","type":"","width":"","height":""}],"twitter_card":"summary_large_image","twitter_misc":{"Est. reading time":"2 minutes"},"schema":{"@context":"https:\/\/schema.org","@graph":[{"@type":"WebPage","@id":"http:\/\/2024.literackisopot.pl\/en\/contact\/","url":"http:\/\/2024.literackisopot.pl\/en\/contact\/","name":"Contact Us | Literacki Sopot","isPartOf":{"@id":"http:\/\/2024.literackisopot.pl\/en\/#website"},"primaryImageOfPage":{"@id":"http:\/\/2024.literackisopot.pl\/en\/contact\/#primaryimage"},"image":{"@id":"http:\/\/2024.literackisopot.pl\/en\/contact\/#primaryimage"},"thumbnailUrl":"https:\/\/literackisopot.pl\/wp-content\/uploads\/2019\/07\/Joanna-Cichocka_Gula_fot.-Renata-Dabrowska-1024x683.jpg","datePublished":"2019-05-10T14:25:04+00:00","dateModified":"2024-09-18T18:01:31+00:00","breadcrumb":{"@id":"http:\/\/2024.literackisopot.pl\/en\/contact\/#breadcrumb"},"inLanguage":"en-US","potentialAction":[{"@type":"ReadAction","target":["http:\/\/2024.literackisopot.pl\/en\/contact\/"]}]},{"@type":"ImageObject","inLanguage":"en-US","@id":"http:\/\/2024.literackisopot.pl\/en\/contact\/#primaryimage","url":"https:\/\/literackisopot.pl\/wp-content\/uploads\/2019\/07\/Joanna-Cichocka_Gula_fot.-Renata-Dabrowska-1024x683.jpg","contentUrl":"https:\/\/literackisopot.pl\/wp-content\/uploads\/2019\/07\/Joanna-Cichocka_Gula_fot.-Renata-Dabrowska-1024x683.jpg"},{"@type":"BreadcrumbList","@id":"http:\/\/2024.literackisopot.pl\/en\/contact\/#breadcrumb","itemListElement":[{"@type":"ListItem","position":1,"name":"Strona g\u0142\u00f3wna","item":"http:\/\/2024.literackisopot.pl\/en\/"},{"@type":"ListItem","position":2,"name":"Contact Us"}]},{"@type":"WebSite","@id":"http:\/\/2024.literackisopot.pl\/en\/#website","url":"http:\/\/2024.literackisopot.pl\/en\/","name":"Literacki Sopot","description":"","publisher":{"@id":"http:\/\/2024.literackisopot.pl\/en\/#organization"},"potentialAction":[{"@type":"SearchAction","target":{"@type":"EntryPoint","urlTemplate":"http:\/\/2024.literackisopot.pl\/en\/?s={search_term_string}"},"query-input":{"@type":"PropertyValueSpecification","valueRequired":true,"valueName":"search_term_string"}}],"inLanguage":"en-US"},{"@type":"Organization","@id":"http:\/\/2024.literackisopot.pl\/en\/#organization","name":"Literacki Sopot","url":"http:\/\/2024.literackisopot.pl\/en\/","logo":{"@type":"ImageObject","inLanguage":"en-US","@id":"http:\/\/2024.literackisopot.pl\/en\/#\/schema\/logo\/image\/","url":"http:\/\/2024.literackisopot.pl\/wp-content\/uploads\/2019\/03\/logo.png","contentUrl":"http:\/\/2024.literackisopot.pl\/wp-content\/uploads\/2019\/03\/logo.png","width":186,"height":282,"caption":"Literacki Sopot "},"image":{"@id":"http:\/\/2024.literackisopot.pl\/en\/#\/schema\/logo\/image\/"}}]}},"_links":{"self":[{"href":"http:\/\/2024.literackisopot.pl\/en\/wp-json\/wp\/v2\/pages\/11084","targetHints":{"allow":["GET"]}}],"collection":[{"href":"http:\/\/2024.literackisopot.pl\/en\/wp-json\/wp\/v2\/pages"}],"about":[{"href":"http:\/\/2024.literackisopot.pl\/en\/wp-json\/wp\/v2\/types\/page"}],"author":[{"embeddable":true,"href":"http:\/\/2024.literackisopot.pl\/en\/wp-json\/wp\/v2\/users\/1"}],"replies":[{"embeddable":true,"href":"http:\/\/2024.literackisopot.pl\/en\/wp-json\/wp\/v2\/comments?post=11084"}],"version-history":[{"count":6,"href":"http:\/\/2024.literackisopot.pl\/en\/wp-json\/wp\/v2\/pages\/11084\/revisions"}],"predecessor-version":[{"id":15291,"href":"http:\/\/2024.literackisopot.pl\/en\/wp-json\/wp\/v2\/pages\/11084\/revisions\/15291"}],"wp:attachment":[{"href":"http:\/\/2024.literackisopot.pl\/en\/wp-json\/wp\/v2\/media?parent=11084"}],"curies":[{"name":"wp","href":"https:\/\/api.w.org\/{rel}","templated":true}]}}